{"id":28,"date":"2015-07-23T00:22:35","date_gmt":"2015-07-22T16:22:35","guid":{"rendered":"http:\/\/www.chinesecc.org\/hkiama\/?page_id=28"},"modified":"2015-12-16T20:17:12","modified_gmt":"2015-12-16T12:17:12","slug":"news","status":"publish","type":"page","link":"https:\/\/chinacc.hk\/?page_id=28","title":{"rendered":"News"},"content":{"rendered":"<p>(June 5th , 2013, Hong Kong) Leading Guzheng virtuoso <a title=\"About Lunlun Zou\" href=\"http:\/\/www.guzhengmaster.com\/lunlun-zou\/\" target=\"_blank\">Lunlun Zou<\/a> will meet Erhu genius Guo Gan in Hong Kong in a crossover between east and west by music on June 30th \u2013 on the eve of the 16th Year Anniversary of Hong Kong\u2019s Reunification with China, at the Concert Hall of the Hong Kong Academy of Performing Arts from 4:00 pm to 5:30 pm. This is a \u201ccrossover\u201d between traditional and modernity, between east and west, and an inner quest of hearts and minds for all audience with a genuine love of traditional Chinese music.<\/p>\n<p>Organised by IAMA (International Academy of Musical Arts) and Oregon Scientific, \u201cBeau soir en Hong Kong\u201d set to take audiences onto a journey of appreciating traditional Chinese cultures from an all-new angle. Selections include traditional Guzheng and Erhu masterpieces, western classics in Guzheng and Erhu interpretations, and Guzheng and Erhu interpretations of Chinese-style music pieces originally composed in western instruments, bringing to all audience a fusion gourmet feast of Chinese and Western cultures. Young people of Hong Kong may also have the opportunity to appreciate the wonderful culture of their motherland up-close. The concert also seeks to raise fund for IAMA to bring new generations into their aspiring musical careers.<\/p>\n<p>A Crossover of East-West\/Old-New and A quest of hearts and minds<\/p>\n<p>Guzheng, Erhu and piano are the 3 instruments of \u201cdialogue\u201d over the course of the concert. <a title=\"About Lunlun Zou\" href=\"https:\/\/www.guzhengmaster.com\/lunlun-zou\/\" target=\"_blank\">Lunlun Zou<\/a> and Guo Gan will first play out Chinese traditional masterpieces such as \u201cSong of Fishing Boats\u201d (\u6f01\u821f\u5531\u665a)\u3001 \u201cThe Butterfily Lovers\u201d (\u6881\u795d&#8212;\u5316\u8776)\u3001 \u201cA Moonlit Night On The Spring River\u201d (\u6625\u6c5f\u82b1\u6708\u591c)\u3001 \u201cBon Fire Dance Of Yao People\u201d (\u7464\u65cf\u821e\u66f2). The audience will then \u201ctravel forward\u201d in time to appreciate modern compositions including \u201cHorses Race\u201d (\u8cfd\u99ac) in Guzheng solo\u3001and \u201cAgainst the Typhoon\u201d (\u6230\u98b1\u98a8)in Erhu solo, both accompanied by the symbol of western music &#8212;-piano. From here, they will be brought forth to the next stop: a Guzheng-Erhu treat of Western classics, such \u201cLes feuilles mortes\u201d and \u201cThe Girl with the Flaxen Hair\u201d by Claude Debussy. The show would also feature a Guzheng-Erhu reimaging of \u201cL\u012d xi\u0101ng L\u00e1n(\u674e\u9999\u862d)\u201d and \u201cIn The Mood of Love(\u82b1\u6a23\u5e74\u83ef)\u201d, masterpieces in Chinese styles composed in western instruments, and a play of Gayageum, a traditional Korean instrument made in the image of Guzheng, by special guest Professor Lu Jin.<\/p>\n<p>\u201cBeau soir en Hong Kong\u201d will bring forth to all audience a journey of \u201ccrossover\u201d through Guzheng and Erhu. The concert has 3 core messages:<\/p>\n<ul>\n<li>A Dialogue of Tradition and Modernity: Utilising renowned classics to bring all audience into the old times for inner peace;<\/li>\n<li>A Crossover of East and West: Utilising Chinese and French\/International masterpieces to highlight the common grounds between cultures, to make good the notion that music is an international language;<\/li>\n<li>An inner quest of hearts and minds: Bringing audience into a unique inner quest of art through music, allowing endless imaginations and an appreciation of the traditional Chinese culture.<\/li>\n<\/ul>\n<p>A Fusion Gourmet Feast of East-West Classics<\/p>\n<p>Being the central figures of this journey of east-west crossover, <a title=\"About Lunlun Zou\" href=\"https:\/\/www.guzhengmaster.com\/lunlun-zou\/\" target=\"_blank\">Lunlun Zou<\/a> and Guo Gan have made tremendous achievements in their musical careers and their works on bringing together east and western musical traditions.<\/p>\n<p><a title=\"About Lunlun Zou\" href=\"https:\/\/www.guzhengmaster.com\/lunlun-zou\/\" target=\"_blank\">Lunlun<\/a> has been taking an active part in bringing personal concerts to the PRC, North America and the Oceania, appearing on music programmes and working on music education. She is most renowned for her distinctive, free-spirited and cheerful performing style. She plucks strings not only with her hands, but also with her heart, passionately and gracefully, with ease and confidence. Her effortless play carries a charge of joy, which is very infectious to everyone in the audience. She believes that music is not only a mean to express arts and emotions, but also a communication tool. As she said in a recent interview: \u201cI really learn that music is the most powerful \u2018weapon\u2019 of all, so much powerful and convincing than mere words and talks.\u201d<\/p>\n<p>Born in Shenyang and residing in Paris at the moment, Guo Gan is renowned in the areas of percussion music and Erhu playing and composing. He has worked with famous artists, musicians and orchestras and involved in a wide variety of performance projects including classical music, jazz, opera and modern music, etc.<\/p>\n<p>For many years, Guo Gan works closely with top international orchestras including the Paris Opera House Orchestra, the Pengang Modern Dance Company, and renowned music legends such as Lang Lang and French pianist Colette Merklen. He has also worked on music for box-office hits such as movies \u201cThe Lovers(\u60c5\u4eba)\u201d, \u201cThe Sparrow(\u6587\u96c0)\u201d. His excellence in Erhu and Percussion music has brought him titles such as \u201cThe Master of 2 Cords\u201d or \u201cThe King of Chinese Erhu\u201d.<\/p>\n<p>Steve Smith, editor of \u201cNew York Times\u201d Arts Page remarked, \u201cMr. Guo, a magnificent performer, shaped melodies with the expressive contours of vocal lines in Hua Yanjun\u2019s \u2018Moon reflected on the Er-Quan Spring\u2019 and provided flourishes that might give a violinist pause during Huang Gaihuai\u2019s \u2018Horse Racing\u2019.\u201d Mark Swed, music critics for the Los Angles Times, also gives a high regard to Guo Gan\u2019s performance with Lang Lang: \u201cGuo was a wonder, his Erhu sweetly filling the air with an astonishing sweet and sumptuous sonic perfume, which Lang accompanied with exquisite sensitivity.\u201d<\/p>\n<p>Raising fund for IAMA to promote music education to the next generation<\/p>\n<p>A major objective of this concert is to raise fund for IAMA(International Academy of Music and Arts), to support young people in their pursuit of a career in music, and to sponsor concerts and young enthusiasts for further training in traditional music, as well as commissioning professional music educators to Hong Kong to develop programmes in traditional music. In fact, young leaders from schools and leading representatives from the education and cultural circles are among the invited VIPs to this concert. <a title=\"About Lunlun Zou\" href=\"https:\/\/www.guzhengmaster.com\/lunlun-zou\/\" target=\"_blank\">Lunlun Zou<\/a> said, \u201cI always insist on promoting the long and splendid Chinese artistic achievements through training institutes, concerts, records and seminars to let young people learn more on cultures, regardless of if I am in Hong Kong or elsewhere.\u201d<\/p>\n<p>For more information on the concert, please call 2566 5968.<\/p>\n<p><a class=\"anchorLink\" title=\"Back to top\" href=\"http:\/\/www.hkiama.org\/en-gb\/news\/#top-of-page\">Back to top<\/a><\/p>\n","protected":false},"excerpt":{"rendered":"<p>(June 5th , 2013, Hong Kong) Leading Guzheng virtuoso Lunlun Zou will meet Erhu genius Guo Gan in Hong Kong in a crossover between east and west by music on June 30th \u2013 on the eve of the 16th Year Anniversary of Hong Kong\u2019s Reunification with China, at the Concert Hall of the Hong Kong &hellip; <a href=\"https:\/\/chinacc.hk\/?page_id=28\" class=\"more-link\">Continue reading <span class=\"screen-reader-text\">News<\/span> <span class=\"meta-nav\">&rarr;<\/span><\/a><\/p>\n","protected":false},"author":1,"featured_media":0,"parent":0,"menu_order":0,"comment_status":"closed","ping_status":"open","template":"","meta":[],"language":[3],"_links":{"self":[{"href":"https:\/\/chinacc.hk\/index.php?rest_route=\/wp\/v2\/pages\/28"}],"collection":[{"href":"https:\/\/chinacc.hk\/index.php?rest_route=\/wp\/v2\/pages"}],"about":[{"href":"https:\/\/chinacc.hk\/index.php?rest_route=\/wp\/v2\/types\/page"}],"author":[{"embeddable":true,"href":"https:\/\/chinacc.hk\/index.php?rest_route=\/wp\/v2\/users\/1"}],"replies":[{"embeddable":true,"href":"https:\/\/chinacc.hk\/index.php?rest_route=%2Fwp%2Fv2%2Fcomments&post=28"}],"version-history":[{"count":3,"href":"https:\/\/chinacc.hk\/index.php?rest_route=\/wp\/v2\/pages\/28\/revisions"}],"predecessor-version":[{"id":115,"href":"https:\/\/chinacc.hk\/index.php?rest_route=\/wp\/v2\/pages\/28\/revisions\/115"}],"wp:attachment":[{"href":"https:\/\/chinacc.hk\/index.php?rest_route=%2Fwp%2Fv2%2Fmedia&parent=28"}],"wp:term":[{"taxonomy":"language","embeddable":true,"href":"https:\/\/chinacc.hk\/index.php?rest_route=%2Fwp%2Fv2%2Flanguage&post=28"}],"curies":[{"name":"wp","href":"https:\/\/api.w.org\/{rel}","templated":true}]}}